{"id":3205,"date":"2022-05-10T19:27:04","date_gmt":"2022-05-10T19:27:04","guid":{"rendered":"https:\/\/oliric.com\/enviaments-i-devolucions\/"},"modified":"2024-05-21T11:24:27","modified_gmt":"2024-05-21T11:24:27","slug":"versand-und-rueckgabe","status":"publish","type":"page","link":"https:\/\/oliric.com\/de\/versand-und-rueckgabe\/","title":{"rendered":"Versand und R\u00fccksendungen"},"content":{"rendered":"[vc_row type=&#8220;full_width_background&#8220; full_screen_row_position=&#8220;middle&#8220; column_margin=&#8220;none&#8220; column_direction=&#8220;default&#8220; column_direction_tablet=&#8220;default&#8220; column_direction_phone=&#8220;default&#8220; bg_color=&#8220;#f6f4f0&#8243; scene_position=&#8220;center&#8220; bottom_padding=&#8220;3%&#8220; text_color=&#8220;dark&#8220; text_align=&#8220;left&#8220; row_border_radius=&#8220;none&#8220; row_border_radius_applies=&#8220;bg&#8220; zindex=&#8220;999&#8243; overflow=&#8220;visible&#8220; class=&#8220;visible&#8220; id=&#8220;page-header-bg&#8220; advanced_gradient_angle=&#8220;0&#8243; overlay_strength=&#8220;0.3&#8243; gradient_direction=&#8220;radial&#8220; shape_divider_color=&#8220;#ffffff&#8220; shape_divider_position=&#8220;bottom&#8220; shape_divider_height=&#8220;45%&#8220; bg_image_animation=&#8220;fade-in&#8220; shape_type=&#8220;straight_section&#8220; gradient_type=&#8220;default&#8220;][vc_column column_padding=&#8220;no-extra-padding&#8220; column_padding_tablet=&#8220;inherit&#8220; column_padding_phone=&#8220;inherit&#8220; column_padding_position=&#8220;all&#8220; bottom_margin_phone=&#8220;0&#8243; column_element_spacing=&#8220;0px&#8220; background_color_opacity=&#8220;1&#8243; background_hover_color_opacity=&#8220;1&#8243; column_shadow=&#8220;none&#8220; column_border_radius=&#8220;none&#8220; column_link_target=&#8220;_self&#8220; column_position=&#8220;default&#8220; advanced_gradient_angle=&#8220;0&#8243; gradient_direction=&#8220;radial&#8220; overlay_strength=&#8220;0.3&#8243; width=&#8220;1\/1&#8243; tablet_width_inherit=&#8220;default&#8220; tablet_text_alignment=&#8220;default&#8220; phone_text_alignment=&#8220;default&#8220; animation_type=&#8220;default&#8220; bg_image_animation=&#8220;none&#8220; border_type=&#8220;simple&#8220; column_border_width=&#8220;none&#8220; column_border_style=&#8220;solid&#8220; gradient_type=&#8220;default&#8220;][vc_row_inner column_margin=&#8220;default&#8220; column_direction=&#8220;default&#8220; column_direction_tablet=&#8220;default&#8220; column_direction_phone=&#8220;default&#8220; text_align=&#8220;left&#8220; row_position=&#8220;default&#8220; row_position_tablet=&#8220;inherit&#8220; row_position_phone=&#8220;inherit&#8220; overflow=&#8220;visible&#8220; pointer_events=&#8220;all&#8220;][vc_column_inner column_padding=&#8220;no-extra-padding&#8220; column_padding_tablet=&#8220;inherit&#8220; column_padding_phone=&#8220;inherit&#8220; column_padding_position=&#8220;all&#8220; column_element_spacing=&#8220;default&#8220; background_color_opacity=&#8220;1&#8243; background_hover_color_opacity=&#8220;1&#8243; column_shadow=&#8220;none&#8220; column_border_radius=&#8220;none&#8220; column_link_target=&#8220;_self&#8220; advanced_gradient_angle=&#8220;0&#8243; gradient_direction=&#8220;left_to_right&#8220; overlay_strength=&#8220;0.3&#8243; width=&#8220;1\/1&#8243; tablet_width_inherit=&#8220;default&#8220; animation_type=&#8220;default&#8220; enable_animation=&#8220;true&#8220; animation=&#8220;fade-in&#8220; bg_image_animation=&#8220;none&#8220; border_type=&#8220;simple&#8220; column_border_width=&#8220;none&#8220; column_border_style=&#8220;solid&#8220; gradient_type=&#8220;default&#8220;][vc_column_text]\n<h1>Versand und R\u00fccksendungen<\/h1>\n[\/vc_column_text][image_with_animation image_url=&#8220;2216&#8243; image_size=&#8220;full&#8220; animation_type=&#8220;entrance&#8220; animation=&#8220;Fade In&#8220; hover_animation=&#8220;none&#8220; alignment=&#8220;&#8220; border_radius=&#8220;none&#8220; box_shadow=&#8220;none&#8220; image_loading=&#8220;default&#8220; max_width=&#8220;100%&#8220; max_width_mobile=&#8220;default&#8220; position_desktop=&#8220;absolute&#8220; top_position_desktop=&#8220;50px&#8220; left_position_desktop=&#8220;20%&#8220; el_class=&#8220;campo-trama-pagina&#8220;][\/vc_column_inner][\/vc_row_inner][\/vc_column][\/vc_row][vc_row type=&#8220;full_width_background&#8220; full_screen_row_position=&#8220;middle&#8220; column_margin=&#8220;default&#8220; column_direction=&#8220;default&#8220; column_direction_tablet=&#8220;default&#8220; column_direction_phone=&#8220;default&#8220; scene_position=&#8220;center&#8220; text_color=&#8220;dark&#8220; text_align=&#8220;left&#8220; row_border_radius=&#8220;none&#8220; row_border_radius_applies=&#8220;bg&#8220; overflow=&#8220;visible&#8220; class=&#8220;imagen-texto-row&#8220; id=&#8220;pagina-texto&#8220; advanced_gradient_angle=&#8220;0&#8243; overlay_strength=&#8220;0.3&#8243; gradient_direction=&#8220;left_to_right&#8220; shape_divider_color=&#8220;#ffffff&#8220; shape_divider_position=&#8220;bottom&#8220; bg_image_animation=&#8220;none&#8220; shape_type=&#8220;tilt_alt&#8220; gradient_type=&#8220;default&#8220;][vc_column column_padding=&#8220;no-extra-padding&#8220; column_padding_tablet=&#8220;inherit&#8220; column_padding_phone=&#8220;inherit&#8220; column_padding_position=&#8220;all&#8220; bottom_margin=&#8220;5%&#8220; column_element_spacing=&#8220;default&#8220; background_color_opacity=&#8220;1&#8243; background_hover_color_opacity=&#8220;1&#8243; column_shadow=&#8220;none&#8220; column_border_radius=&#8220;none&#8220; column_link_target=&#8220;_self&#8220; column_position=&#8220;default&#8220; advanced_gradient_angle=&#8220;0&#8243; gradient_direction=&#8220;left_to_right&#8220; overlay_strength=&#8220;0.3&#8243; width=&#8220;1\/1&#8243; tablet_width_inherit=&#8220;default&#8220; tablet_text_alignment=&#8220;default&#8220; phone_text_alignment=&#8220;default&#8220; animation_type=&#8220;default&#8220; bg_image_animation=&#8220;none&#8220; border_type=&#8220;simple&#8220; column_border_width=&#8220;none&#8220; column_border_style=&#8220;solid&#8220; offset=&#8220;vc_col-lg-12 vc_col-md-12&#8243; gradient_type=&#8220;default&#8220;][vc_row_inner column_margin=&#8220;default&#8220; column_direction=&#8220;default&#8220; column_direction_tablet=&#8220;default&#8220; column_direction_phone=&#8220;default&#8220; left_padding_desktop=&#8220;10%&#8220; left_padding_phone=&#8220;0&#8243; text_align=&#8220;left&#8220; row_position=&#8220;default&#8220; row_position_tablet=&#8220;inherit&#8220; row_position_phone=&#8220;inherit&#8220; overflow=&#8220;visible&#8220; pointer_events=&#8220;all&#8220;][vc_column_inner column_padding=&#8220;no-extra-padding&#8220; column_padding_tablet=&#8220;inherit&#8220; column_padding_phone=&#8220;inherit&#8220; column_padding_position=&#8220;all&#8220; right_margin_tablet=&#8220;30px&#8220; right_margin_phone=&#8220;30px&#8220; column_element_spacing=&#8220;default&#8220; background_color_opacity=&#8220;1&#8243; background_hover_color_opacity=&#8220;1&#8243; column_shadow=&#8220;none&#8220; column_border_radius=&#8220;none&#8220; column_link_target=&#8220;_self&#8220; advanced_gradient_angle=&#8220;0&#8243; gradient_direction=&#8220;left_to_right&#8220; overlay_strength=&#8220;0.3&#8243; width=&#8220;1\/1&#8243; tablet_width_inherit=&#8220;default&#8220; animation_type=&#8220;default&#8220; bg_image_animation=&#8220;none&#8220; border_type=&#8220;simple&#8220; column_border_width=&#8220;none&#8220; column_border_style=&#8220;solid&#8220; offset=&#8220;vc_col-lg-offset-1 vc_col-lg-9 vc_col-md-offset-1 vc_col-md-9 vc_col-sm-offset-0 vc_col-xs-12&#8243; gradient_type=&#8220;default&#8220;][vc_column_text el_class=&#8220;titulos-mayuscula&#8220;]\n<h3>Versand<\/h3>\n<p><strong>Oliric<\/strong> wird Bestellungen in alle Gebiete der Europ\u00e4ischen Gemeinschaft versenden.<\/p>\n<p>Sofern keine spezifischen Anfragen f\u00fcr nicht vorr\u00e4tige Produkte vorliegen oder unvorhergesehene oder au\u00dfergew\u00f6hnliche Umst\u00e4nde eintreten, wird die Bestellung, die aus dem\/den Produkt(en) im Zusammenhang mit jeder Versandbest\u00e4tigung besteht, innerhalb von maximal 7 Werktagen ab dem Datum der Bestellbest\u00e4tigung versandt.<\/p>\n<p>Sollten wir aus irgendeinem Grund nicht in der Lage sein, den Liefertermin einzuhalten, werden wir den Benutzer \u00fcber diesen Umstand informieren und ihm die M\u00f6glichkeit geben, mit dem Kauf fortzufahren, einen neuen Liefertermin festzulegen oder die Bestellung mit R\u00fcckerstattung des gezahlten Gesamtpreises zu stornieren.<\/p>\n<p>F\u00fcr die Zwecke dieser Bedingungen wird davon ausgegangen, dass die \u201eLieferung\u201c zu dem Zeitpunkt stattgefunden hat oder dass die Bestellung \u201eausgeliefert\u201c wurde, wenn der Benutzer oder ein vom Benutzer angegebener Dritter in den Besitz der Produkte gelangt, was der Fall ist durch die Unterschrift des Empfangs der Bestellung an der vereinbarten Lieferadresse nachgewiesen werden.<\/p>\n<h3>Kehrt zur\u00fcck<\/h3>\n<p>Gesetzliches Widerrufsrecht vom Kauf<\/p>\n<p>Der Benutzer hat kein Recht, von diesem Vertrag zur\u00fcckzutreten, da es sich um ein Lebensmittelprodukt im Sinne der RDL 1\/2007 vom 16. November handelt, die den \u00fcberarbeiteten Text des Allgemeinen Gesetzes zum Verbraucher- und Benutzerschutz genehmigt.<\/p>\n<p>R\u00fccksendungen fehlerhafter Produkte<\/p>\n<p>In F\u00e4llen, in denen der Benutzer der Ansicht ist, dass das Produkt zum Zeitpunkt der Lieferung nicht den Vertragsbestimmungen entspricht, muss er sich unverz\u00fcglich \u00fcber info@oliric.com oder \u00fcber unser Kontaktformular mit uns in Verbindung setzen und uns die Produktdaten mitteilen sowie den Schaden, den es erleidet. Das Produkt kann zur\u00fcckgegeben werden und muss an die oben genannte Adresse gesendet werden. Wir werden das zur\u00fcckgegebene Produkt sorgf\u00e4ltig pr\u00fcfen und Sie innerhalb einer angemessenen Zeit per E-Mail benachrichtigen, ob eine R\u00fcckerstattung oder ein Produktaustausch angemessen ist. Die R\u00fcckerstattung oder der Ersatz des Artikels erfolgt so schnell wie m\u00f6glich und in jedem Fall innerhalb von 14 Tagen ab dem Datum, an dem wir Ihnen eine E-Mail senden, in der wir best\u00e4tigen, dass es sich bei der R\u00fcckerstattung oder dem Ersatz des Artikels um einen nicht konformen Artikel handelt. Alle Betr\u00e4ge, die f\u00fcr Produkte gezahlt wurden, die aufgrund etwaiger M\u00e4ngel oder M\u00e4ngel zur\u00fcckgegeben wurden, werden vollst\u00e4ndig zur\u00fcckerstattet, einschlie\u00dflich der f\u00fcr die Lieferung des Artikels anfallenden Versandkosten und aller Kosten, die Ihnen f\u00fcr die R\u00fccksendung des Produkts an uns entstanden sind. Die R\u00fcckerstattung erfolgt mit demselben Zahlungsmittel, mit dem der Kauf bezahlt wurde.<\/p>\n<h3>Richtlinie zum Produktaustausch<\/h3>\n<p><strong>Oliric<\/strong> unterst\u00fctzt nicht den Umtausch eines vom Benutzer gekauften Produkts gegen ein anderes auf der Website angebotenes Produkt.[\/vc_column_text][\/vc_column_inner][\/vc_row_inner][\/vc_column][\/vc_row]\n","protected":false},"excerpt":{"rendered":"<p>[vc_row type=&#8220;full_width_background&#8220; full_screen_row_position=&#8220;middle&#8220; column_margin=&#8220;none&#8220; column_direction=&#8220;default&#8220; column_direction_tablet=&#8220;default&#8220; column_direction_phone=&#8220;default&#8220; bg_color=&#8220;#f6f4f0&#8243; scene_position=&#8220;center&#8220; bottom_padding=&#8220;3%&#8220; text_color=&#8220;dark&#8220; text_align=&#8220;left&#8220; row_border_radius=&#8220;none&#8220; row_border_radius_applies=&#8220;bg&#8220; zindex=&#8220;999&#8243; overflow=&#8220;visible&#8220; class=&#8220;visible&#8220; id=&#8220;page-header-bg&#8220;&#8230;<\/p>\n","protected":false},"author":1,"featured_media":0,"parent":0,"menu_order":0,"comment_status":"closed","ping_status":"closed","template":"","meta":{"_acf_changed":false,"inline_featured_image":false,"footnotes":""},"class_list":["post-3205","page","type-page","status-publish"],"acf":[],"jetpack_sharing_enabled":true,"_links":{"self":[{"href":"https:\/\/oliric.com\/de\/wp-json\/wp\/v2\/pages\/3205","targetHints":{"allow":["GET"]}}],"collection":[{"href":"https:\/\/oliric.com\/de\/wp-json\/wp\/v2\/pages"}],"about":[{"href":"https:\/\/oliric.com\/de\/wp-json\/wp\/v2\/types\/page"}],"author":[{"embeddable":true,"href":"https:\/\/oliric.com\/de\/wp-json\/wp\/v2\/users\/1"}],"replies":[{"embeddable":true,"href":"https:\/\/oliric.com\/de\/wp-json\/wp\/v2\/comments?post=3205"}],"version-history":[{"count":3,"href":"https:\/\/oliric.com\/de\/wp-json\/wp\/v2\/pages\/3205\/revisions"}],"predecessor-version":[{"id":3863,"href":"https:\/\/oliric.com\/de\/wp-json\/wp\/v2\/pages\/3205\/revisions\/3863"}],"wp:attachment":[{"href":"https:\/\/oliric.com\/de\/wp-json\/wp\/v2\/media?parent=3205"}],"curies":[{"name":"wp","href":"https:\/\/api.w.org\/{rel}","templated":true}]}}