{"id":2862,"date":"2022-05-10T19:24:23","date_gmt":"2022-05-10T19:24:23","guid":{"rendered":"https:\/\/oliric.com\/advertiment-legal\/"},"modified":"2025-11-21T17:10:45","modified_gmt":"2025-11-21T17:10:45","slug":"legal-notice","status":"publish","type":"page","link":"https:\/\/oliric.com\/en\/legal-notice\/","title":{"rendered":"Legal Notice"},"content":{"rendered":"[vc_row type=&#8221;full_width_background&#8221; full_screen_row_position=&#8221;middle&#8221; column_margin=&#8221;none&#8221; column_direction=&#8221;default&#8221; column_direction_tablet=&#8221;default&#8221; column_direction_phone=&#8221;default&#8221; bg_color=&#8221;#f6f4f0&#8243; scene_position=&#8221;center&#8221; bottom_padding=&#8221;3%&#8221; text_color=&#8221;dark&#8221; text_align=&#8221;left&#8221; row_border_radius=&#8221;none&#8221; row_border_radius_applies=&#8221;bg&#8221; zindex=&#8221;999&#8243; overflow=&#8221;visible&#8221; class=&#8221;visible&#8221; id=&#8221;page-header-bg&#8221; advanced_gradient_angle=&#8221;0&#8243; overlay_strength=&#8221;0.3&#8243; gradient_direction=&#8221;radial&#8221; shape_divider_color=&#8221;#ffffff&#8221; shape_divider_position=&#8221;bottom&#8221; shape_divider_height=&#8221;45%&#8221; bg_image_animation=&#8221;fade-in&#8221; shape_type=&#8221;straight_section&#8221; gradient_type=&#8221;default&#8221;][vc_column column_padding=&#8221;no-extra-padding&#8221; column_padding_tablet=&#8221;inherit&#8221; column_padding_phone=&#8221;inherit&#8221; column_padding_position=&#8221;all&#8221; bottom_margin_phone=&#8221;0&#8243; column_element_direction_desktop=&#8221;default&#8221; column_element_spacing=&#8221;0px&#8221; desktop_text_alignment=&#8221;default&#8221; tablet_text_alignment=&#8221;default&#8221; phone_text_alignment=&#8221;default&#8221; background_color_opacity=&#8221;1&#8243; background_hover_color_opacity=&#8221;1&#8243; column_backdrop_filter=&#8221;none&#8221; column_shadow=&#8221;none&#8221; column_border_radius=&#8221;none&#8221; column_link_target=&#8221;_self&#8221; column_position=&#8221;default&#8221; advanced_gradient_angle=&#8221;0&#8243; gradient_direction=&#8221;radial&#8221; overlay_strength=&#8221;0.3&#8243; width=&#8221;1\/1&#8243; tablet_width_inherit=&#8221;default&#8221; animation_type=&#8221;default&#8221; bg_image_animation=&#8221;none&#8221; border_type=&#8221;simple&#8221; column_border_width=&#8221;none&#8221; column_border_style=&#8221;solid&#8221; gradient_type=&#8221;default&#8221;][vc_row_inner column_margin=&#8221;default&#8221; column_direction=&#8221;default&#8221; column_direction_tablet=&#8221;default&#8221; column_direction_phone=&#8221;default&#8221; text_align=&#8221;left&#8221; row_position=&#8221;default&#8221; row_position_tablet=&#8221;inherit&#8221; row_position_phone=&#8221;inherit&#8221; overflow=&#8221;visible&#8221; pointer_events=&#8221;all&#8221;][vc_column_inner column_padding=&#8221;no-extra-padding&#8221; column_padding_tablet=&#8221;inherit&#8221; column_padding_phone=&#8221;inherit&#8221; column_padding_position=&#8221;all&#8221; column_element_direction_desktop=&#8221;default&#8221; column_element_spacing=&#8221;default&#8221; desktop_text_alignment=&#8221;default&#8221; tablet_text_alignment=&#8221;default&#8221; phone_text_alignment=&#8221;default&#8221; background_color_opacity=&#8221;1&#8243; background_hover_color_opacity=&#8221;1&#8243; column_backdrop_filter=&#8221;none&#8221; column_shadow=&#8221;none&#8221; column_border_radius=&#8221;none&#8221; column_link_target=&#8221;_self&#8221; overflow=&#8221;visible&#8221; advanced_gradient_angle=&#8221;0&#8243; gradient_direction=&#8221;left_to_right&#8221; overlay_strength=&#8221;0.3&#8243; width=&#8221;1\/1&#8243; tablet_width_inherit=&#8221;default&#8221; animation_type=&#8221;default&#8221; enable_animation=&#8221;true&#8221; animation=&#8221;fade-in&#8221; animation_easing=&#8221;default&#8221; bg_image_animation=&#8221;none&#8221; border_type=&#8221;simple&#8221; column_border_width=&#8221;none&#8221; column_border_style=&#8221;solid&#8221; gradient_type=&#8221;default&#8221;][vc_column_text]\n<h1>Legal notice<\/h1>\n[\/vc_column_text][image_with_animation image_url=&#8221;2216&#8243; image_size=&#8221;full&#8221; max_width=&#8221;100%&#8221; max_width_mobile=&#8221;default&#8221; animation_type=&#8221;entrance&#8221; animation=&#8221;Fade In&#8221; animation_easing=&#8221;default&#8221; animation_movement_type=&#8221;transform_y&#8221; hover_animation=&#8221;none&#8221; alignment=&#8221;&#8221; border_radius=&#8221;none&#8221; box_shadow=&#8221;none&#8221; image_loading=&#8221;default&#8221; position_desktop=&#8221;absolute&#8221; top_position_desktop=&#8221;50px&#8221; left_position_desktop=&#8221;20%&#8221; el_class=&#8221;campo-trama-pagina&#8221;][\/vc_column_inner][\/vc_row_inner][\/vc_column][\/vc_row][vc_row type=&#8221;full_width_background&#8221; full_screen_row_position=&#8221;middle&#8221; column_margin=&#8221;default&#8221; column_direction=&#8221;default&#8221; column_direction_tablet=&#8221;default&#8221; column_direction_phone=&#8221;default&#8221; scene_position=&#8221;center&#8221; text_color=&#8221;dark&#8221; text_align=&#8221;left&#8221; row_border_radius=&#8221;none&#8221; row_border_radius_applies=&#8221;bg&#8221; overflow=&#8221;visible&#8221; class=&#8221;imagen-texto-row&#8221; id=&#8221;pagina-texto&#8221; advanced_gradient_angle=&#8221;0&#8243; overlay_strength=&#8221;0.3&#8243; gradient_direction=&#8221;left_to_right&#8221; shape_divider_color=&#8221;#ffffff&#8221; shape_divider_position=&#8221;bottom&#8221; bg_image_animation=&#8221;none&#8221; shape_type=&#8221;tilt_alt&#8221; gradient_type=&#8221;default&#8221;][vc_column column_padding=&#8221;no-extra-padding&#8221; column_padding_tablet=&#8221;inherit&#8221; column_padding_phone=&#8221;inherit&#8221; column_padding_position=&#8221;all&#8221; column_element_direction_desktop=&#8221;default&#8221; column_element_spacing=&#8221;default&#8221; desktop_text_alignment=&#8221;default&#8221; tablet_text_alignment=&#8221;default&#8221; phone_text_alignment=&#8221;default&#8221; background_color_opacity=&#8221;1&#8243; background_hover_color_opacity=&#8221;1&#8243; column_backdrop_filter=&#8221;none&#8221; column_shadow=&#8221;none&#8221; column_border_radius=&#8221;none&#8221; column_link_target=&#8221;_self&#8221; column_position=&#8221;default&#8221; advanced_gradient_angle=&#8221;0&#8243; gradient_direction=&#8221;left_to_right&#8221; overlay_strength=&#8221;0.3&#8243; width=&#8221;1\/1&#8243; tablet_width_inherit=&#8221;default&#8221; animation_type=&#8221;default&#8221; bg_image_animation=&#8221;none&#8221; border_type=&#8221;simple&#8221; column_border_width=&#8221;none&#8221; column_border_style=&#8221;solid&#8221; offset=&#8221;vc_col-lg-12 vc_col-md-12&#8243; gradient_type=&#8221;default&#8221;][vc_row_inner column_margin=&#8221;default&#8221; column_direction=&#8221;default&#8221; column_direction_tablet=&#8221;default&#8221; column_direction_phone=&#8221;default&#8221; left_padding_desktop=&#8221;10%&#8221; left_padding_phone=&#8221;0&#8243; text_align=&#8221;left&#8221; row_position=&#8221;default&#8221; row_position_tablet=&#8221;inherit&#8221; row_position_phone=&#8221;inherit&#8221; overflow=&#8221;visible&#8221; pointer_events=&#8221;all&#8221;][vc_column_inner column_padding=&#8221;no-extra-padding&#8221; column_padding_tablet=&#8221;inherit&#8221; column_padding_phone=&#8221;inherit&#8221; column_padding_position=&#8221;all&#8221; right_margin_tablet=&#8221;30px&#8221; right_margin_phone=&#8221;30px&#8221; column_element_direction_desktop=&#8221;default&#8221; column_element_spacing=&#8221;default&#8221; desktop_text_alignment=&#8221;default&#8221; tablet_text_alignment=&#8221;default&#8221; phone_text_alignment=&#8221;default&#8221; background_color_opacity=&#8221;1&#8243; background_hover_color_opacity=&#8221;1&#8243; column_backdrop_filter=&#8221;none&#8221; column_shadow=&#8221;none&#8221; column_border_radius=&#8221;none&#8221; column_link_target=&#8221;_self&#8221; overflow=&#8221;visible&#8221; advanced_gradient_angle=&#8221;0&#8243; gradient_direction=&#8221;left_to_right&#8221; overlay_strength=&#8221;0.3&#8243; width=&#8221;1\/1&#8243; tablet_width_inherit=&#8221;default&#8221; animation_type=&#8221;default&#8221; bg_image_animation=&#8221;none&#8221; border_type=&#8221;simple&#8221; column_border_width=&#8221;none&#8221; column_border_style=&#8221;solid&#8221; offset=&#8221;vc_col-lg-offset-1 vc_col-lg-9 vc_col-md-offset-1 vc_col-md-9 vc_col-sm-offset-0 vc_col-xs-12&#8243; gradient_type=&#8221;default&#8221;][vc_column_text css=&#8221;&#8221; el_class=&#8221;titulos-mayuscula&#8221; text_direction=&#8221;default&#8221;]Aquest Advertiment legal regula les condicions generals d\u2019acc\u00e9s i utilitzaci\u00f3 del lloc web accessible a l\u2019adre\u00e7a URL\u00a0<a href=\"https:\/\/oliric.com\/en\/\">https:\/\/oliric.com<\/a>\u00a0(en endavant, el \u201clloc web\u201d), que <b>Miquel Coll Cresp\u00ed<\/b>\u00a0com a responsable de\u00a0<strong>Oliric<\/strong>, posa a disposici\u00f3 dels usuaris d\u2019Internet.<br \/>\nLa utilitzaci\u00f3 del lloc web implica l\u2019acceptaci\u00f3 plena i sense reserves de totes i cada una de les disposicions incloses en aquest Advertiment legal. En conseq\u00fc\u00e8ncia, l\u2019usuari del lloc web ha de llegir atentament aquest Advertiment legal cada una de les vegades que vulgui utilitzar la web, ja que el text podria sofrir modificacions a criteri del titular de la web, o a causa d\u2019un canvi legislatiu, jurisprudencial o en la pr\u00e0ctica empresarial.<\/p>\n<h3>1. Titularitat del lloc web<\/h3>\n<p>En compliment del deure d\u2019informaci\u00f3 recollit a l\u2019article 10 de la Llei 34\/2002, d\u201911 de juliol, de serveis de la societat de la informaci\u00f3 i del comer\u00e7 electr\u00f2nic, t\u2019informam que el lloc web \u00e9s titularitat de <strong>Can Torres Agroeco S.L.<\/strong>\u00a0(en endavant,\u00a0<strong>Oliric<\/strong>), amb CIF: B57422016 i amb domicili social al Pl. Bernat de Sta Eugenia 4, 07142 Santa Eugenia, Illes Balears. El titular podr\u00e0 ser denominat en endavant com a <strong>Oliric<\/strong>.<\/p>\n<p>Pots posar-te en contacte amb nosaltres a trav\u00e9s del formulari de correu electr\u00f2nic seg\u00fcent o a trav\u00e9s del correu electr\u00f2nic seg\u00fcent: info@oliric.com<\/p>\n<h3>2. Objecte<\/h3>\n<p>El lloc web facilita als seus usuaris l\u2019acc\u00e9s a la informaci\u00f3 i als serveis prestats per <strong>Oliric<\/strong> a aquelles persones o organitzacions que hi estiguin interessades.<\/p>\n<h3>3. Acc\u00e9s i utilitzaci\u00f3 de la web<\/h3>\n<p>3.1. Car\u00e0cter gratu\u00eft de l\u2019acc\u00e9s i la utilitzaci\u00f3 de la web. L\u2019acc\u00e9s a la web t\u00e9 car\u00e0cter gratu\u00eft per als seus usuaris.<\/p>\n<p>3.2. Registre d\u2019usuaris. Amb car\u00e0cter general, l\u2019acc\u00e9s i la utilitzaci\u00f3 de la web no exigeix la subscripci\u00f3 pr\u00e8via o el registre dels usuaris.<\/p>\n<h3>4. Contingut de la web<\/h3>\n<p>L\u2019idioma utilitzat pel titular en la web \u00e9s el castell\u00e0. <strong>Oliric<\/strong> no es responsabilitza de la no comprensi\u00f3 o enteniment de l\u2019idioma de la web per part de l\u2019usuari, ni de les seves conseq\u00fc\u00e8ncies.<br \/>\n<strong>Oliric<\/strong> podr\u00e0 modificar els continguts sense av\u00eds previ, aix\u00ed com suprimir-los i canviar-los a la web, i la manera en qu\u00e8 s\u2019hi accedeix, sense cap justificaci\u00f3 i lliurement, i no es responsabilitza de les conseq\u00fc\u00e8ncies que aquests canvis puguin ocasionar als usuaris.<br \/>\nEs prohibeix l\u2019\u00fas dels continguts de la web per promocionar, contractar o divulgar publicitat o informaci\u00f3 pr\u00f2pia o de terceres persones sense l\u2019autoritzaci\u00f3 de <strong>Oliric<\/strong>, ni remetre publicitat o informaci\u00f3 fent servir per a aix\u00f2 els serveis o la informaci\u00f3 que es posa a disposici\u00f3 dels usuaris, independentment de si la utilitzaci\u00f3 \u00e9s gratu\u00efta o no ho \u00e9s.<br \/>\nEls enlla\u00e7os o links que incorporin tercers a les seves p\u00e0gines web, dirigits a aquesta web, seran per a l\u2019obertura de la p\u00e0gina web completa, i no poden manifestar, directament o indirectament, indicacions falses, inexactes o confuses, ni inc\u00f3rrer en accions deslleials o il\u00b7l\u00edcites en contra de <strong>Oliric<\/strong>.<\/p>\n<h3>5. Limitaci\u00f3 de responsabilitat<\/h3>\n<p>Tant l\u2019acc\u00e9s a la web com l\u2019\u00fas no consentit que es pugui fer de la informaci\u00f3 que cont\u00e9 \u00e9s exclusivament responsabilitat de qui el realitza. <strong>Oliric<\/strong> no respondr\u00e0 de cap conseq\u00fc\u00e8ncia, dany o perjudici que puguin derivar-se d\u2019aquest acc\u00e9s o \u00fas. <strong>Oliric<\/strong>\u00a0no es fa responsable dels errors de seguretat que es puguin produir ni dels danys que puguin causar-se al sistema inform\u00e0tic de l\u2019usuari (maquinari i programari), o als fitxers o documents que hi hagi emmagatzemats, com a conseq\u00fc\u00e8ncia de:<br \/>\n\u2013 la pres\u00e8ncia d\u2019un virus a l\u2019ordinador de l\u2019usuari que sigui utilitzat per a la connexi\u00f3 als serveis i continguts de la web,<br \/>\n\u2013 un mal funcionament del navegador,<br \/>\n\u2013 i\/o de l\u2019\u00fas de versions no actualitzades.<br \/>\n<strong>Oliric<\/strong> no es fa responsable de la fiabilitat ni de la rapidesa dels links que s\u2019incorporin a la web per a l\u2019obertura d\u2019altres p\u00e0gines. <strong>Oliric<\/strong>no garanteix la utilitat d\u2019aquests enlla\u00e7os, ni es responsabilitza dels continguts o serveis als quals pugui accedir l\u2019usuari per mitj\u00e0 d\u2019aquests enlla\u00e7os, ni del bon funcionament d\u2019aquestes webs.<br \/>\n<strong>Oliric <\/strong>no ser\u00e0 responsable dels virus o altres programes inform\u00e0tics que deteriorin o puguin deteriorar els sistemes o equips inform\u00e0tics dels usuaris en accedir a la seva web o a altres webs a les quals s\u2019hagi accedit mitjan\u00e7ant enlla\u00e7os d\u2019aquesta web.<\/p>\n<h3>6. \u00das de la tecnologia \u201ccookie\u201d<\/h3>\n<p>Pots consultar la nostra\u00a0Pol\u00edtica de galetes (cookies), que respecta sempre la confidencialitat i la intimitat de l\u2019usuari.<\/p>\n<h3>7. Propietat intel\u00b7lectual i industrial<\/h3>\n<p>S\u00f3n propietat de <strong>Oliric<\/strong> tots els drets de propietat industrial i intel\u00b7lectual de la web, aix\u00ed com de tots els seus continguts. Qualsevol \u00fas de la web o dels seus continguts haur\u00e0 de tenir un car\u00e0cter exclusivament particular. Est\u00e0 reservat exclusivament a <strong>Oliric<\/strong> qualsevol altre \u00fas que suposi la c\u00f2pia, reproducci\u00f3, distribuci\u00f3, transformaci\u00f3, comunicaci\u00f3 p\u00fablica o qualsevol altra acci\u00f3 similar, de tots o de part dels continguts de la web, per la qual cosa cap usuari no podr\u00e0 dur a terme aquestes accions sense l\u2019autoritzaci\u00f3 pr\u00e8via i per escrit de <strong>Oliric<\/strong>.<\/p>\n<h3>\u00a08. Pol\u00edtica de privacitat i protecci\u00f3 de dades<\/h3>\n<p>Pots consultar la nostra\u00a0Pol\u00edtica de privacitat i protecci\u00f3 de dades.[\/vc_column_text][\/vc_column_inner][\/vc_row_inner][\/vc_column][\/vc_row]\n","protected":false},"excerpt":{"rendered":"<p>[vc_row type=&#8221;full_width_background&#8221; full_screen_row_position=&#8221;middle&#8221; column_margin=&#8221;none&#8221; column_direction=&#8221;default&#8221; column_direction_tablet=&#8221;default&#8221; column_direction_phone=&#8221;default&#8221; bg_color=&#8221;#f6f4f0&#8243; scene_position=&#8221;center&#8221; bottom_padding=&#8221;3%&#8221; text_color=&#8221;dark&#8221; text_align=&#8221;left&#8221; row_border_radius=&#8221;none&#8221; row_border_radius_applies=&#8221;bg&#8221; zindex=&#8221;999&#8243; overflow=&#8221;visible&#8221; class=&#8221;visible&#8221; id=&#8221;page-header-bg&#8221;&#8230;<\/p>\n","protected":false},"author":1,"featured_media":0,"parent":0,"menu_order":0,"comment_status":"closed","ping_status":"closed","template":"","meta":{"_acf_changed":false,"inline_featured_image":false,"footnotes":""},"class_list":["post-2862","page","type-page","status-publish"],"acf":[],"jetpack_sharing_enabled":true,"_links":{"self":[{"href":"https:\/\/oliric.com\/en\/wp-json\/wp\/v2\/pages\/2862","targetHints":{"allow":["GET"]}}],"collection":[{"href":"https:\/\/oliric.com\/en\/wp-json\/wp\/v2\/pages"}],"about":[{"href":"https:\/\/oliric.com\/en\/wp-json\/wp\/v2\/types\/page"}],"author":[{"embeddable":true,"href":"https:\/\/oliric.com\/en\/wp-json\/wp\/v2\/users\/1"}],"replies":[{"embeddable":true,"href":"https:\/\/oliric.com\/en\/wp-json\/wp\/v2\/comments?post=2862"}],"version-history":[{"count":3,"href":"https:\/\/oliric.com\/en\/wp-json\/wp\/v2\/pages\/2862\/revisions"}],"predecessor-version":[{"id":4525,"href":"https:\/\/oliric.com\/en\/wp-json\/wp\/v2\/pages\/2862\/revisions\/4525"}],"wp:attachment":[{"href":"https:\/\/oliric.com\/en\/wp-json\/wp\/v2\/media?parent=2862"}],"curies":[{"name":"wp","href":"https:\/\/api.w.org\/{rel}","templated":true}]}}