{"id":2864,"date":"2022-05-10T19:24:23","date_gmt":"2022-05-10T19:24:23","guid":{"rendered":"https:\/\/oliric.com\/advertiment-legal\/"},"modified":"2025-11-21T17:11:30","modified_gmt":"2025-11-21T17:11:30","slug":"aviso-legal","status":"publish","type":"page","link":"https:\/\/oliric.com\/es\/aviso-legal\/","title":{"rendered":"Aviso legal"},"content":{"rendered":"[vc_row type=\u00bbfull_width_background\u00bb full_screen_row_position=\u00bbmiddle\u00bb column_margin=\u00bbnone\u00bb column_direction=\u00bbdefault\u00bb column_direction_tablet=\u00bbdefault\u00bb column_direction_phone=\u00bbdefault\u00bb bg_color=\u00bb#f6f4f0&#8243; scene_position=\u00bbcenter\u00bb bottom_padding=\u00bb3%\u00bb text_color=\u00bbdark\u00bb text_align=\u00bbleft\u00bb row_border_radius=\u00bbnone\u00bb row_border_radius_applies=\u00bbbg\u00bb zindex=\u00bb999&#8243; overflow=\u00bbvisible\u00bb class=\u00bbvisible\u00bb id=\u00bbpage-header-bg\u00bb advanced_gradient_angle=\u00bb0&#8243; overlay_strength=\u00bb0.3&#8243; gradient_direction=\u00bbradial\u00bb shape_divider_color=\u00bb#ffffff\u00bb shape_divider_position=\u00bbbottom\u00bb shape_divider_height=\u00bb45%\u00bb bg_image_animation=\u00bbfade-in\u00bb shape_type=\u00bbstraight_section\u00bb gradient_type=\u00bbdefault\u00bb][vc_column column_padding=\u00bbno-extra-padding\u00bb column_padding_tablet=\u00bbinherit\u00bb column_padding_phone=\u00bbinherit\u00bb column_padding_position=\u00bball\u00bb bottom_margin_phone=\u00bb0&#8243; column_element_direction_desktop=\u00bbdefault\u00bb column_element_spacing=\u00bb0px\u00bb desktop_text_alignment=\u00bbdefault\u00bb tablet_text_alignment=\u00bbdefault\u00bb phone_text_alignment=\u00bbdefault\u00bb background_color_opacity=\u00bb1&#8243; background_hover_color_opacity=\u00bb1&#8243; column_backdrop_filter=\u00bbnone\u00bb column_shadow=\u00bbnone\u00bb column_border_radius=\u00bbnone\u00bb column_link_target=\u00bb_self\u00bb column_position=\u00bbdefault\u00bb advanced_gradient_angle=\u00bb0&#8243; gradient_direction=\u00bbradial\u00bb overlay_strength=\u00bb0.3&#8243; width=\u00bb1\/1&#8243; tablet_width_inherit=\u00bbdefault\u00bb animation_type=\u00bbdefault\u00bb bg_image_animation=\u00bbnone\u00bb border_type=\u00bbsimple\u00bb column_border_width=\u00bbnone\u00bb column_border_style=\u00bbsolid\u00bb gradient_type=\u00bbdefault\u00bb][vc_row_inner column_margin=\u00bbdefault\u00bb column_direction=\u00bbdefault\u00bb column_direction_tablet=\u00bbdefault\u00bb column_direction_phone=\u00bbdefault\u00bb text_align=\u00bbleft\u00bb row_position=\u00bbdefault\u00bb row_position_tablet=\u00bbinherit\u00bb row_position_phone=\u00bbinherit\u00bb overflow=\u00bbvisible\u00bb pointer_events=\u00bball\u00bb][vc_column_inner column_padding=\u00bbno-extra-padding\u00bb column_padding_tablet=\u00bbinherit\u00bb column_padding_phone=\u00bbinherit\u00bb column_padding_position=\u00bball\u00bb column_element_direction_desktop=\u00bbdefault\u00bb column_element_spacing=\u00bbdefault\u00bb desktop_text_alignment=\u00bbdefault\u00bb tablet_text_alignment=\u00bbdefault\u00bb phone_text_alignment=\u00bbdefault\u00bb background_color_opacity=\u00bb1&#8243; background_hover_color_opacity=\u00bb1&#8243; column_backdrop_filter=\u00bbnone\u00bb column_shadow=\u00bbnone\u00bb column_border_radius=\u00bbnone\u00bb column_link_target=\u00bb_self\u00bb overflow=\u00bbvisible\u00bb advanced_gradient_angle=\u00bb0&#8243; gradient_direction=\u00bbleft_to_right\u00bb overlay_strength=\u00bb0.3&#8243; width=\u00bb1\/1&#8243; tablet_width_inherit=\u00bbdefault\u00bb animation_type=\u00bbdefault\u00bb enable_animation=\u00bbtrue\u00bb animation=\u00bbfade-in\u00bb animation_easing=\u00bbdefault\u00bb bg_image_animation=\u00bbnone\u00bb border_type=\u00bbsimple\u00bb column_border_width=\u00bbnone\u00bb column_border_style=\u00bbsolid\u00bb gradient_type=\u00bbdefault\u00bb][vc_column_text]\n<h1>Aviso legal<\/h1>\n[\/vc_column_text][image_with_animation image_url=\u00bb2216&#8243; image_size=\u00bbfull\u00bb max_width=\u00bb100%\u00bb max_width_mobile=\u00bbdefault\u00bb animation_type=\u00bbentrance\u00bb animation=\u00bbFade In\u00bb animation_easing=\u00bbdefault\u00bb animation_movement_type=\u00bbtransform_y\u00bb hover_animation=\u00bbnone\u00bb alignment=\u00bb\u00bb border_radius=\u00bbnone\u00bb box_shadow=\u00bbnone\u00bb image_loading=\u00bbdefault\u00bb position_desktop=\u00bbabsolute\u00bb top_position_desktop=\u00bb50px\u00bb left_position_desktop=\u00bb20%\u00bb el_class=\u00bbcampo-trama-pagina\u00bb][\/vc_column_inner][\/vc_row_inner][\/vc_column][\/vc_row][vc_row type=\u00bbfull_width_background\u00bb full_screen_row_position=\u00bbmiddle\u00bb column_margin=\u00bbdefault\u00bb column_direction=\u00bbdefault\u00bb column_direction_tablet=\u00bbdefault\u00bb column_direction_phone=\u00bbdefault\u00bb scene_position=\u00bbcenter\u00bb text_color=\u00bbdark\u00bb text_align=\u00bbleft\u00bb row_border_radius=\u00bbnone\u00bb row_border_radius_applies=\u00bbbg\u00bb overflow=\u00bbvisible\u00bb class=\u00bbimagen-texto-row\u00bb id=\u00bbpagina-texto\u00bb advanced_gradient_angle=\u00bb0&#8243; overlay_strength=\u00bb0.3&#8243; gradient_direction=\u00bbleft_to_right\u00bb shape_divider_color=\u00bb#ffffff\u00bb shape_divider_position=\u00bbbottom\u00bb bg_image_animation=\u00bbnone\u00bb shape_type=\u00bbtilt_alt\u00bb gradient_type=\u00bbdefault\u00bb][vc_column column_padding=\u00bbno-extra-padding\u00bb column_padding_tablet=\u00bbinherit\u00bb column_padding_phone=\u00bbinherit\u00bb column_padding_position=\u00bball\u00bb column_element_direction_desktop=\u00bbdefault\u00bb column_element_spacing=\u00bbdefault\u00bb desktop_text_alignment=\u00bbdefault\u00bb tablet_text_alignment=\u00bbdefault\u00bb phone_text_alignment=\u00bbdefault\u00bb background_color_opacity=\u00bb1&#8243; background_hover_color_opacity=\u00bb1&#8243; column_backdrop_filter=\u00bbnone\u00bb column_shadow=\u00bbnone\u00bb column_border_radius=\u00bbnone\u00bb column_link_target=\u00bb_self\u00bb column_position=\u00bbdefault\u00bb advanced_gradient_angle=\u00bb0&#8243; gradient_direction=\u00bbleft_to_right\u00bb overlay_strength=\u00bb0.3&#8243; width=\u00bb1\/1&#8243; tablet_width_inherit=\u00bbdefault\u00bb animation_type=\u00bbdefault\u00bb bg_image_animation=\u00bbnone\u00bb border_type=\u00bbsimple\u00bb column_border_width=\u00bbnone\u00bb column_border_style=\u00bbsolid\u00bb offset=\u00bbvc_col-lg-12 vc_col-md-12&#8243; gradient_type=\u00bbdefault\u00bb][vc_row_inner column_margin=\u00bbdefault\u00bb column_direction=\u00bbdefault\u00bb column_direction_tablet=\u00bbdefault\u00bb column_direction_phone=\u00bbdefault\u00bb left_padding_desktop=\u00bb10%\u00bb left_padding_phone=\u00bb0&#8243; text_align=\u00bbleft\u00bb row_position=\u00bbdefault\u00bb row_position_tablet=\u00bbinherit\u00bb row_position_phone=\u00bbinherit\u00bb overflow=\u00bbvisible\u00bb pointer_events=\u00bball\u00bb][vc_column_inner column_padding=\u00bbno-extra-padding\u00bb column_padding_tablet=\u00bbinherit\u00bb column_padding_phone=\u00bbinherit\u00bb column_padding_position=\u00bball\u00bb right_margin_tablet=\u00bb30px\u00bb right_margin_phone=\u00bb30px\u00bb column_element_direction_desktop=\u00bbdefault\u00bb column_element_spacing=\u00bbdefault\u00bb desktop_text_alignment=\u00bbdefault\u00bb tablet_text_alignment=\u00bbdefault\u00bb phone_text_alignment=\u00bbdefault\u00bb background_color_opacity=\u00bb1&#8243; background_hover_color_opacity=\u00bb1&#8243; column_backdrop_filter=\u00bbnone\u00bb column_shadow=\u00bbnone\u00bb column_border_radius=\u00bbnone\u00bb column_link_target=\u00bb_self\u00bb overflow=\u00bbvisible\u00bb advanced_gradient_angle=\u00bb0&#8243; gradient_direction=\u00bbleft_to_right\u00bb overlay_strength=\u00bb0.3&#8243; width=\u00bb1\/1&#8243; tablet_width_inherit=\u00bbdefault\u00bb animation_type=\u00bbdefault\u00bb bg_image_animation=\u00bbnone\u00bb border_type=\u00bbsimple\u00bb column_border_width=\u00bbnone\u00bb column_border_style=\u00bbsolid\u00bb offset=\u00bbvc_col-lg-offset-1 vc_col-lg-9 vc_col-md-offset-1 vc_col-md-9 vc_col-sm-offset-0 vc_col-xs-12&#8243; gradient_type=\u00bbdefault\u00bb][vc_column_text css=\u00bb\u00bb el_class=\u00bbtitulos-mayuscula\u00bb text_direction=\u00bbdefault\u00bb]Aquest Advertiment legal regula les condicions generals d\u2019acc\u00e9s i utilitzaci\u00f3 del lloc web accessible a l\u2019adre\u00e7a URL\u00a0<a href=\"https:\/\/oliric.com\/es\/\">https:\/\/oliric.com<\/a>\u00a0(en endavant, el \u201clloc web\u201d), que <b>Miquel Coll Cresp\u00ed<\/b>\u00a0com a responsable de\u00a0<strong>Oliric<\/strong>, posa a disposici\u00f3 dels usuaris d\u2019Internet.<br \/>\nLa utilitzaci\u00f3 del lloc web implica l\u2019acceptaci\u00f3 plena i sense reserves de totes i cada una de les disposicions incloses en aquest Advertiment legal. En conseq\u00fc\u00e8ncia, l\u2019usuari del lloc web ha de llegir atentament aquest Advertiment legal cada una de les vegades que vulgui utilitzar la web, ja que el text podria sofrir modificacions a criteri del titular de la web, o a causa d\u2019un canvi legislatiu, jurisprudencial o en la pr\u00e0ctica empresarial.<\/p>\n<h3>1. Titularitat del lloc web<\/h3>\n<p>En compliment del deure d\u2019informaci\u00f3 recollit a l\u2019article 10 de la Llei 34\/2002, d\u201911 de juliol, de serveis de la societat de la informaci\u00f3 i del comer\u00e7 electr\u00f2nic, t\u2019informam que el lloc web \u00e9s titularitat de <strong>Can Torres Agroeco S.L.<\/strong>\u00a0(en endavant,\u00a0<strong>Oliric<\/strong>), amb CIF: B57422016 i amb domicili social al Pl. Bernat de Sta Eugenia 4, 07142 Santa Eugenia, Illes Balears. El titular podr\u00e0 ser denominat en endavant com a <strong>Oliric<\/strong>.<\/p>\n<p>Pots posar-te en contacte amb nosaltres a trav\u00e9s del formulari de correu electr\u00f2nic seg\u00fcent o a trav\u00e9s del correu electr\u00f2nic seg\u00fcent: info@oliric.com<\/p>\n<h3>2. Objecte<\/h3>\n<p>El lloc web facilita als seus usuaris l\u2019acc\u00e9s a la informaci\u00f3 i als serveis prestats per <strong>Oliric<\/strong> a aquelles persones o organitzacions que hi estiguin interessades.<\/p>\n<h3>3. Acc\u00e9s i utilitzaci\u00f3 de la web<\/h3>\n<p>3.1. Car\u00e0cter gratu\u00eft de l\u2019acc\u00e9s i la utilitzaci\u00f3 de la web. L\u2019acc\u00e9s a la web t\u00e9 car\u00e0cter gratu\u00eft per als seus usuaris.<\/p>\n<p>3.2. Registre d\u2019usuaris. Amb car\u00e0cter general, l\u2019acc\u00e9s i la utilitzaci\u00f3 de la web no exigeix la subscripci\u00f3 pr\u00e8via o el registre dels usuaris.<\/p>\n<h3>4. Contingut de la web<\/h3>\n<p>L\u2019idioma utilitzat pel titular en la web \u00e9s el castell\u00e0. <strong>Oliric<\/strong> no es responsabilitza de la no comprensi\u00f3 o enteniment de l\u2019idioma de la web per part de l\u2019usuari, ni de les seves conseq\u00fc\u00e8ncies.<br \/>\n<strong>Oliric<\/strong> podr\u00e0 modificar els continguts sense av\u00eds previ, aix\u00ed com suprimir-los i canviar-los a la web, i la manera en qu\u00e8 s\u2019hi accedeix, sense cap justificaci\u00f3 i lliurement, i no es responsabilitza de les conseq\u00fc\u00e8ncies que aquests canvis puguin ocasionar als usuaris.<br \/>\nEs prohibeix l\u2019\u00fas dels continguts de la web per promocionar, contractar o divulgar publicitat o informaci\u00f3 pr\u00f2pia o de terceres persones sense l\u2019autoritzaci\u00f3 de <strong>Oliric<\/strong>, ni remetre publicitat o informaci\u00f3 fent servir per a aix\u00f2 els serveis o la informaci\u00f3 que es posa a disposici\u00f3 dels usuaris, independentment de si la utilitzaci\u00f3 \u00e9s gratu\u00efta o no ho \u00e9s.<br \/>\nEls enlla\u00e7os o links que incorporin tercers a les seves p\u00e0gines web, dirigits a aquesta web, seran per a l\u2019obertura de la p\u00e0gina web completa, i no poden manifestar, directament o indirectament, indicacions falses, inexactes o confuses, ni inc\u00f3rrer en accions deslleials o il\u00b7l\u00edcites en contra de <strong>Oliric<\/strong>.<\/p>\n<h3>5. Limitaci\u00f3 de responsabilitat<\/h3>\n<p>Tant l\u2019acc\u00e9s a la web com l\u2019\u00fas no consentit que es pugui fer de la informaci\u00f3 que cont\u00e9 \u00e9s exclusivament responsabilitat de qui el realitza. <strong>Oliric<\/strong> no respondr\u00e0 de cap conseq\u00fc\u00e8ncia, dany o perjudici que puguin derivar-se d\u2019aquest acc\u00e9s o \u00fas. <strong>Oliric<\/strong>\u00a0no es fa responsable dels errors de seguretat que es puguin produir ni dels danys que puguin causar-se al sistema inform\u00e0tic de l\u2019usuari (maquinari i programari), o als fitxers o documents que hi hagi emmagatzemats, com a conseq\u00fc\u00e8ncia de:<br \/>\n\u2013 la pres\u00e8ncia d\u2019un virus a l\u2019ordinador de l\u2019usuari que sigui utilitzat per a la connexi\u00f3 als serveis i continguts de la web,<br \/>\n\u2013 un mal funcionament del navegador,<br \/>\n\u2013 i\/o de l\u2019\u00fas de versions no actualitzades.<br \/>\n<strong>Oliric<\/strong> no es fa responsable de la fiabilitat ni de la rapidesa dels links que s\u2019incorporin a la web per a l\u2019obertura d\u2019altres p\u00e0gines. <strong>Oliric<\/strong>no garanteix la utilitat d\u2019aquests enlla\u00e7os, ni es responsabilitza dels continguts o serveis als quals pugui accedir l\u2019usuari per mitj\u00e0 d\u2019aquests enlla\u00e7os, ni del bon funcionament d\u2019aquestes webs.<br \/>\n<strong>Oliric <\/strong>no ser\u00e0 responsable dels virus o altres programes inform\u00e0tics que deteriorin o puguin deteriorar els sistemes o equips inform\u00e0tics dels usuaris en accedir a la seva web o a altres webs a les quals s\u2019hagi accedit mitjan\u00e7ant enlla\u00e7os d\u2019aquesta web.<\/p>\n<h3>6. \u00das de la tecnologia \u201ccookie\u201d<\/h3>\n<p>Pots consultar la nostra\u00a0Pol\u00edtica de galetes (cookies), que respecta sempre la confidencialitat i la intimitat de l\u2019usuari.<\/p>\n<h3>7. Propietat intel\u00b7lectual i industrial<\/h3>\n<p>S\u00f3n propietat de <strong>Oliric<\/strong> tots els drets de propietat industrial i intel\u00b7lectual de la web, aix\u00ed com de tots els seus continguts. Qualsevol \u00fas de la web o dels seus continguts haur\u00e0 de tenir un car\u00e0cter exclusivament particular. Est\u00e0 reservat exclusivament a <strong>Oliric<\/strong> qualsevol altre \u00fas que suposi la c\u00f2pia, reproducci\u00f3, distribuci\u00f3, transformaci\u00f3, comunicaci\u00f3 p\u00fablica o qualsevol altra acci\u00f3 similar, de tots o de part dels continguts de la web, per la qual cosa cap usuari no podr\u00e0 dur a terme aquestes accions sense l\u2019autoritzaci\u00f3 pr\u00e8via i per escrit de <strong>Oliric<\/strong>.<\/p>\n<h3>\u00a08. Pol\u00edtica de privacitat i protecci\u00f3 de dades<\/h3>\n<p>Pots consultar la nostra\u00a0Pol\u00edtica de privacitat i protecci\u00f3 de dades.[\/vc_column_text][\/vc_column_inner][\/vc_row_inner][\/vc_column][\/vc_row]\n","protected":false},"excerpt":{"rendered":"<p>[vc_row type=\u00bbfull_width_background\u00bb full_screen_row_position=\u00bbmiddle\u00bb column_margin=\u00bbnone\u00bb column_direction=\u00bbdefault\u00bb column_direction_tablet=\u00bbdefault\u00bb column_direction_phone=\u00bbdefault\u00bb bg_color=\u00bb#f6f4f0&#8243; scene_position=\u00bbcenter\u00bb bottom_padding=\u00bb3%\u00bb text_color=\u00bbdark\u00bb text_align=\u00bbleft\u00bb row_border_radius=\u00bbnone\u00bb row_border_radius_applies=\u00bbbg\u00bb zindex=\u00bb999&#8243; overflow=\u00bbvisible\u00bb class=\u00bbvisible\u00bb id=\u00bbpage-header-bg\u00bb&#8230;<\/p>\n","protected":false},"author":1,"featured_media":0,"parent":0,"menu_order":0,"comment_status":"closed","ping_status":"closed","template":"","meta":{"_acf_changed":false,"inline_featured_image":false,"footnotes":""},"class_list":["post-2864","page","type-page","status-publish"],"acf":[],"jetpack_sharing_enabled":true,"_links":{"self":[{"href":"https:\/\/oliric.com\/es\/wp-json\/wp\/v2\/pages\/2864","targetHints":{"allow":["GET"]}}],"collection":[{"href":"https:\/\/oliric.com\/es\/wp-json\/wp\/v2\/pages"}],"about":[{"href":"https:\/\/oliric.com\/es\/wp-json\/wp\/v2\/types\/page"}],"author":[{"embeddable":true,"href":"https:\/\/oliric.com\/es\/wp-json\/wp\/v2\/users\/1"}],"replies":[{"embeddable":true,"href":"https:\/\/oliric.com\/es\/wp-json\/wp\/v2\/comments?post=2864"}],"version-history":[{"count":3,"href":"https:\/\/oliric.com\/es\/wp-json\/wp\/v2\/pages\/2864\/revisions"}],"predecessor-version":[{"id":4527,"href":"https:\/\/oliric.com\/es\/wp-json\/wp\/v2\/pages\/2864\/revisions\/4527"}],"wp:attachment":[{"href":"https:\/\/oliric.com\/es\/wp-json\/wp\/v2\/media?parent=2864"}],"curies":[{"name":"wp","href":"https:\/\/api.w.org\/{rel}","templated":true}]}}