{"id":3206,"date":"2022-05-10T19:27:04","date_gmt":"2022-05-10T19:27:04","guid":{"rendered":"https:\/\/oliric.com\/enviaments-i-devolucions\/"},"modified":"2024-05-21T11:23:37","modified_gmt":"2024-05-21T11:23:37","slug":"envios-y-devoluciones","status":"publish","type":"page","link":"https:\/\/oliric.com\/es\/envios-y-devoluciones\/","title":{"rendered":"Env\u00edos y devoluciones"},"content":{"rendered":"[vc_row type=\u00bbfull_width_background\u00bb full_screen_row_position=\u00bbmiddle\u00bb column_margin=\u00bbnone\u00bb column_direction=\u00bbdefault\u00bb column_direction_tablet=\u00bbdefault\u00bb column_direction_phone=\u00bbdefault\u00bb bg_color=\u00bb#f6f4f0&#8243; scene_position=\u00bbcenter\u00bb bottom_padding=\u00bb3%\u00bb text_color=\u00bbdark\u00bb text_align=\u00bbleft\u00bb row_border_radius=\u00bbnone\u00bb row_border_radius_applies=\u00bbbg\u00bb zindex=\u00bb999&#8243; overflow=\u00bbvisible\u00bb class=\u00bbvisible\u00bb id=\u00bbpage-header-bg\u00bb advanced_gradient_angle=\u00bb0&#8243; overlay_strength=\u00bb0.3&#8243; gradient_direction=\u00bbradial\u00bb shape_divider_color=\u00bb#ffffff\u00bb shape_divider_position=\u00bbbottom\u00bb shape_divider_height=\u00bb45%\u00bb bg_image_animation=\u00bbfade-in\u00bb shape_type=\u00bbstraight_section\u00bb gradient_type=\u00bbdefault\u00bb][vc_column column_padding=\u00bbno-extra-padding\u00bb column_padding_tablet=\u00bbinherit\u00bb column_padding_phone=\u00bbinherit\u00bb column_padding_position=\u00bball\u00bb bottom_margin_phone=\u00bb0&#8243; column_element_spacing=\u00bb0px\u00bb background_color_opacity=\u00bb1&#8243; background_hover_color_opacity=\u00bb1&#8243; column_shadow=\u00bbnone\u00bb column_border_radius=\u00bbnone\u00bb column_link_target=\u00bb_self\u00bb column_position=\u00bbdefault\u00bb advanced_gradient_angle=\u00bb0&#8243; gradient_direction=\u00bbradial\u00bb overlay_strength=\u00bb0.3&#8243; width=\u00bb1\/1&#8243; tablet_width_inherit=\u00bbdefault\u00bb tablet_text_alignment=\u00bbdefault\u00bb phone_text_alignment=\u00bbdefault\u00bb animation_type=\u00bbdefault\u00bb bg_image_animation=\u00bbnone\u00bb border_type=\u00bbsimple\u00bb column_border_width=\u00bbnone\u00bb column_border_style=\u00bbsolid\u00bb gradient_type=\u00bbdefault\u00bb][vc_row_inner column_margin=\u00bbdefault\u00bb column_direction=\u00bbdefault\u00bb column_direction_tablet=\u00bbdefault\u00bb column_direction_phone=\u00bbdefault\u00bb text_align=\u00bbleft\u00bb row_position=\u00bbdefault\u00bb row_position_tablet=\u00bbinherit\u00bb row_position_phone=\u00bbinherit\u00bb overflow=\u00bbvisible\u00bb pointer_events=\u00bball\u00bb][vc_column_inner column_padding=\u00bbno-extra-padding\u00bb column_padding_tablet=\u00bbinherit\u00bb column_padding_phone=\u00bbinherit\u00bb column_padding_position=\u00bball\u00bb column_element_spacing=\u00bbdefault\u00bb background_color_opacity=\u00bb1&#8243; background_hover_color_opacity=\u00bb1&#8243; column_shadow=\u00bbnone\u00bb column_border_radius=\u00bbnone\u00bb column_link_target=\u00bb_self\u00bb advanced_gradient_angle=\u00bb0&#8243; gradient_direction=\u00bbleft_to_right\u00bb overlay_strength=\u00bb0.3&#8243; width=\u00bb1\/1&#8243; tablet_width_inherit=\u00bbdefault\u00bb animation_type=\u00bbdefault\u00bb enable_animation=\u00bbtrue\u00bb animation=\u00bbfade-in\u00bb bg_image_animation=\u00bbnone\u00bb border_type=\u00bbsimple\u00bb column_border_width=\u00bbnone\u00bb column_border_style=\u00bbsolid\u00bb gradient_type=\u00bbdefault\u00bb][vc_column_text]\n<h1>Env\u00edos y devoluciones<\/h1>\n[\/vc_column_text][image_with_animation image_url=\u00bb2216&#8243; image_size=\u00bbfull\u00bb animation_type=\u00bbentrance\u00bb animation=\u00bbFade In\u00bb hover_animation=\u00bbnone\u00bb alignment=\u00bb\u00bb border_radius=\u00bbnone\u00bb box_shadow=\u00bbnone\u00bb image_loading=\u00bbdefault\u00bb max_width=\u00bb100%\u00bb max_width_mobile=\u00bbdefault\u00bb position_desktop=\u00bbabsolute\u00bb top_position_desktop=\u00bb50px\u00bb left_position_desktop=\u00bb20%\u00bb el_class=\u00bbcampo-trama-pagina\u00bb][\/vc_column_inner][\/vc_row_inner][\/vc_column][\/vc_row][vc_row type=\u00bbfull_width_background\u00bb full_screen_row_position=\u00bbmiddle\u00bb column_margin=\u00bbdefault\u00bb column_direction=\u00bbdefault\u00bb column_direction_tablet=\u00bbdefault\u00bb column_direction_phone=\u00bbdefault\u00bb scene_position=\u00bbcenter\u00bb text_color=\u00bbdark\u00bb text_align=\u00bbleft\u00bb row_border_radius=\u00bbnone\u00bb row_border_radius_applies=\u00bbbg\u00bb overflow=\u00bbvisible\u00bb class=\u00bbimagen-texto-row\u00bb id=\u00bbpagina-texto\u00bb advanced_gradient_angle=\u00bb0&#8243; overlay_strength=\u00bb0.3&#8243; gradient_direction=\u00bbleft_to_right\u00bb shape_divider_color=\u00bb#ffffff\u00bb shape_divider_position=\u00bbbottom\u00bb bg_image_animation=\u00bbnone\u00bb shape_type=\u00bbtilt_alt\u00bb gradient_type=\u00bbdefault\u00bb][vc_column column_padding=\u00bbno-extra-padding\u00bb column_padding_tablet=\u00bbinherit\u00bb column_padding_phone=\u00bbinherit\u00bb column_padding_position=\u00bball\u00bb bottom_margin=\u00bb5%\u00bb column_element_spacing=\u00bbdefault\u00bb background_color_opacity=\u00bb1&#8243; background_hover_color_opacity=\u00bb1&#8243; column_shadow=\u00bbnone\u00bb column_border_radius=\u00bbnone\u00bb column_link_target=\u00bb_self\u00bb column_position=\u00bbdefault\u00bb advanced_gradient_angle=\u00bb0&#8243; gradient_direction=\u00bbleft_to_right\u00bb overlay_strength=\u00bb0.3&#8243; width=\u00bb1\/1&#8243; tablet_width_inherit=\u00bbdefault\u00bb tablet_text_alignment=\u00bbdefault\u00bb phone_text_alignment=\u00bbdefault\u00bb animation_type=\u00bbdefault\u00bb bg_image_animation=\u00bbnone\u00bb border_type=\u00bbsimple\u00bb column_border_width=\u00bbnone\u00bb column_border_style=\u00bbsolid\u00bb offset=\u00bbvc_col-lg-12 vc_col-md-12&#8243; gradient_type=\u00bbdefault\u00bb][vc_row_inner column_margin=\u00bbdefault\u00bb column_direction=\u00bbdefault\u00bb column_direction_tablet=\u00bbdefault\u00bb column_direction_phone=\u00bbdefault\u00bb left_padding_desktop=\u00bb10%\u00bb left_padding_phone=\u00bb0&#8243; text_align=\u00bbleft\u00bb row_position=\u00bbdefault\u00bb row_position_tablet=\u00bbinherit\u00bb row_position_phone=\u00bbinherit\u00bb overflow=\u00bbvisible\u00bb pointer_events=\u00bball\u00bb][vc_column_inner column_padding=\u00bbno-extra-padding\u00bb column_padding_tablet=\u00bbinherit\u00bb column_padding_phone=\u00bbinherit\u00bb column_padding_position=\u00bball\u00bb right_margin_tablet=\u00bb30px\u00bb right_margin_phone=\u00bb30px\u00bb column_element_spacing=\u00bbdefault\u00bb background_color_opacity=\u00bb1&#8243; background_hover_color_opacity=\u00bb1&#8243; column_shadow=\u00bbnone\u00bb column_border_radius=\u00bbnone\u00bb column_link_target=\u00bb_self\u00bb advanced_gradient_angle=\u00bb0&#8243; gradient_direction=\u00bbleft_to_right\u00bb overlay_strength=\u00bb0.3&#8243; width=\u00bb1\/1&#8243; tablet_width_inherit=\u00bbdefault\u00bb animation_type=\u00bbdefault\u00bb bg_image_animation=\u00bbnone\u00bb border_type=\u00bbsimple\u00bb column_border_width=\u00bbnone\u00bb column_border_style=\u00bbsolid\u00bb offset=\u00bbvc_col-lg-offset-1 vc_col-lg-9 vc_col-md-offset-1 vc_col-md-9 vc_col-sm-offset-0 vc_col-xs-12&#8243; gradient_type=\u00bbdefault\u00bb][vc_column_text el_class=\u00bbtitulos-mayuscula\u00bb]\n<h3>Env\u00edo<\/h3>\n<p><strong>Oliric<\/strong> realizar\u00e1 el env\u00edo de pedidos a todos los territorios de la Comunidad Europea.<\/p>\n<p>Salvo peticiones espec\u00edficas de productos fuera de stock, o que se produzcan circunstancias imprevistas o extraordinarias, se enviar\u00e1 el pedido consistente en el producto\/s relacionado\/s en cada Confirmaci\u00f3n de env\u00edo en el plazo m\u00e1ximo de 7 d\u00edas laborables desde la fecha de la Confirmaci\u00f3n del pedido.<\/p>\n<p>Si por alg\u00fan motivo no pudi\u00e9ramos cumplir con la fecha de entrega, informaremos al usuario de esta circunstancia y le daremos la opci\u00f3n de seguir adelante con la compra, con una nueva fecha de entrega, o anularemos el pedido con el reembolso total del precio pagado.<\/p>\n<p>A efectos de estas Condiciones, se entender\u00e1 que se ha producido la \u201centrega\u201d o que se ha \u201centregado\u201d el pedido en el momento en que el usuario o un tercero indicado por el usuario consiga la posesi\u00f3n material de los productos, lo que se acreditar\u00e1 mediante la firma de la recepci\u00f3n del pedido en la direcci\u00f3n de entrega acordada.<\/p>\n<h3>Devoluciones<\/h3>\n<p>Derecho legal a desistir de la compra<\/p>\n<p>El usuario no tiene derecho a desistir de este contrato porque se trata de un producto alimenticio, tal y como recoge el RDL 1\/2007, de 16 de noviembre, por el que se aprueba el texto refundido de la Ley general para la defensa de los consumidores y usuarios.<\/p>\n<p>Devoluciones de productos defectuosos<\/p>\n<p>En los casos en que el usuario considere que en el momento de la entrega el producto no se ajusta a lo estipulado en el contrato, debe ponerse en contacto con nosotros de forma inmediata a trav\u00e9s de info@oliric.com oa trav\u00e9s de nuestro formulario de contacto y facilitarnos los datos del producto, as\u00ed como el da\u00f1o que sufre. El producto podr\u00e1 devolverse y debe enviarse a la direcci\u00f3n indicada anteriormente. Examinaremos detenidamente el producto devuelto y te comunicaremos por correo electr\u00f3nico en un plazo razonable si procede el reembolso o sustituci\u00f3n del producto. El reembolso o sustituci\u00f3n del art\u00edculo se efectuar\u00e1 lo antes posible y, en todo caso, dentro de los 14 d\u00edas siguientes a la fecha en que te enviemos un correo electr\u00f3nico confirmando que procede el reembolso o sustituci\u00f3n del art\u00edculo no conforme. Las cantidades pagadas por los productos que se devuelvan a causa de alguna tara o defecto, si realmente existe, te ser\u00e1n reembolsadas \u00edntegramente, incluidos los gastos de entrega en los que se haya incurrido para entregar el art\u00edculo y los costes en los que hubieras incurrido por devolvernos el producto. La devoluci\u00f3n se efectuar\u00e1 en el mismo medio de pago que se utiliz\u00f3 para pagar la compra.<\/p>\n<h3>Pol\u00edtica de cambio de productos<\/h3>\n<p><strong>Oliric<\/strong> no admite el cambio entre un producto comprado por el usuario por otro producto que se ofrezca en el sitio web.[\/vc_column_text][\/vc_column_inner][\/vc_row_inner][\/vc_column][\/vc_row]\n","protected":false},"excerpt":{"rendered":"<p>[vc_row type=\u00bbfull_width_background\u00bb full_screen_row_position=\u00bbmiddle\u00bb column_margin=\u00bbnone\u00bb column_direction=\u00bbdefault\u00bb column_direction_tablet=\u00bbdefault\u00bb column_direction_phone=\u00bbdefault\u00bb bg_color=\u00bb#f6f4f0&#8243; scene_position=\u00bbcenter\u00bb bottom_padding=\u00bb3%\u00bb text_color=\u00bbdark\u00bb text_align=\u00bbleft\u00bb row_border_radius=\u00bbnone\u00bb row_border_radius_applies=\u00bbbg\u00bb zindex=\u00bb999&#8243; overflow=\u00bbvisible\u00bb class=\u00bbvisible\u00bb id=\u00bbpage-header-bg\u00bb&#8230;<\/p>\n","protected":false},"author":1,"featured_media":0,"parent":0,"menu_order":0,"comment_status":"closed","ping_status":"closed","template":"","meta":{"_acf_changed":false,"inline_featured_image":false,"footnotes":""},"class_list":["post-3206","page","type-page","status-publish"],"acf":[],"jetpack_sharing_enabled":true,"_links":{"self":[{"href":"https:\/\/oliric.com\/es\/wp-json\/wp\/v2\/pages\/3206","targetHints":{"allow":["GET"]}}],"collection":[{"href":"https:\/\/oliric.com\/es\/wp-json\/wp\/v2\/pages"}],"about":[{"href":"https:\/\/oliric.com\/es\/wp-json\/wp\/v2\/types\/page"}],"author":[{"embeddable":true,"href":"https:\/\/oliric.com\/es\/wp-json\/wp\/v2\/users\/1"}],"replies":[{"embeddable":true,"href":"https:\/\/oliric.com\/es\/wp-json\/wp\/v2\/comments?post=3206"}],"version-history":[{"count":3,"href":"https:\/\/oliric.com\/es\/wp-json\/wp\/v2\/pages\/3206\/revisions"}],"predecessor-version":[{"id":3860,"href":"https:\/\/oliric.com\/es\/wp-json\/wp\/v2\/pages\/3206\/revisions\/3860"}],"wp:attachment":[{"href":"https:\/\/oliric.com\/es\/wp-json\/wp\/v2\/media?parent=3206"}],"curies":[{"name":"wp","href":"https:\/\/api.w.org\/{rel}","templated":true}]}}