{"id":3788,"date":"2022-05-10T19:15:14","date_gmt":"2022-05-10T19:15:14","guid":{"rendered":"https:\/\/oliric.com\/contacto\/"},"modified":"2024-05-21T11:26:48","modified_gmt":"2024-05-21T11:26:48","slug":"contacto","status":"publish","type":"page","link":"https:\/\/oliric.com\/es\/contacto\/","title":{"rendered":"Contacto"},"content":{"rendered":"[vc_row type=\u00bbfull_width_background\u00bb full_screen_row_position=\u00bbmiddle\u00bb column_margin=\u00bbnone\u00bb column_direction=\u00bbdefault\u00bb column_direction_tablet=\u00bbdefault\u00bb column_direction_phone=\u00bbdefault\u00bb scene_position=\u00bbcenter\u00bb bottom_padding=\u00bb3%\u00bb text_color=\u00bbdark\u00bb text_align=\u00bbleft\u00bb row_border_radius=\u00bbnone\u00bb row_border_radius_applies=\u00bbbg\u00bb zindex=\u00bb1&#8243; overflow=\u00bbvisible\u00bb id=\u00bbpage-header-bg\u00bb advanced_gradient_angle=\u00bb0&#8243; overlay_strength=\u00bb0.3&#8243; gradient_direction=\u00bbradial\u00bb shape_divider_color=\u00bb#ffffff\u00bb shape_divider_position=\u00bbbottom\u00bb shape_divider_height=\u00bb45%\u00bb bg_image_animation=\u00bbfade-in\u00bb shape_type=\u00bbstraight_section\u00bb gradient_type=\u00bbdefault\u00bb][vc_column column_padding=\u00bbno-extra-padding\u00bb column_padding_tablet=\u00bbinherit\u00bb column_padding_phone=\u00bbinherit\u00bb column_padding_position=\u00bball\u00bb bottom_margin_phone=\u00bb0&#8243; column_element_spacing=\u00bb0px\u00bb background_color_opacity=\u00bb1&#8243; background_hover_color_opacity=\u00bb1&#8243; column_shadow=\u00bbnone\u00bb column_border_radius=\u00bbnone\u00bb column_link_target=\u00bb_self\u00bb column_position=\u00bbdefault\u00bb advanced_gradient_angle=\u00bb0&#8243; gradient_direction=\u00bbradial\u00bb overlay_strength=\u00bb0.3&#8243; width=\u00bb1\/1&#8243; tablet_width_inherit=\u00bbdefault\u00bb tablet_text_alignment=\u00bbdefault\u00bb phone_text_alignment=\u00bbdefault\u00bb animation_type=\u00bbdefault\u00bb bg_image_animation=\u00bbnone\u00bb border_type=\u00bbsimple\u00bb column_border_width=\u00bbnone\u00bb column_border_style=\u00bbsolid\u00bb gradient_type=\u00bbdefault\u00bb][vc_row_inner column_margin=\u00bbdefault\u00bb column_direction=\u00bbdefault\u00bb column_direction_tablet=\u00bbdefault\u00bb column_direction_phone=\u00bbdefault\u00bb text_align=\u00bbleft\u00bb row_position=\u00bbdefault\u00bb row_position_tablet=\u00bbinherit\u00bb row_position_phone=\u00bbinherit\u00bb overflow=\u00bbvisible\u00bb pointer_events=\u00bball\u00bb][vc_column_inner column_padding=\u00bbno-extra-padding\u00bb column_padding_tablet=\u00bbinherit\u00bb column_padding_phone=\u00bbinherit\u00bb column_padding_position=\u00bball\u00bb column_element_spacing=\u00bbdefault\u00bb background_color_opacity=\u00bb1&#8243; background_hover_color_opacity=\u00bb1&#8243; column_shadow=\u00bbnone\u00bb column_border_radius=\u00bbnone\u00bb column_link_target=\u00bb_self\u00bb advanced_gradient_angle=\u00bb0&#8243; gradient_direction=\u00bbleft_to_right\u00bb overlay_strength=\u00bb0.3&#8243; width=\u00bb1\/1&#8243; tablet_width_inherit=\u00bbdefault\u00bb animation_type=\u00bbdefault\u00bb enable_animation=\u00bbtrue\u00bb animation=\u00bbfade-in\u00bb bg_image_animation=\u00bbnone\u00bb border_type=\u00bbsimple\u00bb column_border_width=\u00bbnone\u00bb column_border_style=\u00bbsolid\u00bb gradient_type=\u00bbdefault\u00bb][vc_column_text]\n<h1>Contacto<\/h1>\n[\/vc_column_text][image_with_animation image_url=\u00bb2216&#8243; image_size=\u00bbfull\u00bb animation_type=\u00bbentrance\u00bb animation=\u00bbFade In\u00bb hover_animation=\u00bbnone\u00bb alignment=\u00bb\u00bb border_radius=\u00bbnone\u00bb box_shadow=\u00bbnone\u00bb image_loading=\u00bbdefault\u00bb max_width=\u00bb100%\u00bb max_width_mobile=\u00bbdefault\u00bb position_desktop=\u00bbabsolute\u00bb top_position_desktop=\u00bb50px\u00bb left_position_desktop=\u00bb10%\u00bb el_class=\u00bbcampo-trama-pagina\u00bb][divider line_type=\u00bbNo Line\u00bb custom_height=\u00bb50px\u00bb][\/vc_column_inner][\/vc_row_inner][\/vc_column][\/vc_row][vc_row type=\u00bbfull_width_background\u00bb full_screen_row_position=\u00bbmiddle\u00bb column_margin=\u00bbnone\u00bb column_direction=\u00bbdefault\u00bb column_direction_tablet=\u00bbdefault\u00bb column_direction_phone=\u00bbdefault\u00bb bg_color=\u00bb#f6f4f0&#8243; scene_position=\u00bbcenter\u00bb text_color=\u00bblight\u00bb text_align=\u00bbleft\u00bb row_border_radius=\u00bbnone\u00bb row_border_radius_applies=\u00bbbg\u00bb zindex=\u00bb-1&#8243; overflow=\u00bbvisible\u00bb class=\u00bbfila-formulario\u00bb advanced_gradient_angle=\u00bb0&#8243; overlay_strength=\u00bb0.3&#8243; gradient_direction=\u00bbradial\u00bb shape_divider_color=\u00bb#ffffff\u00bb shape_divider_position=\u00bbbottom\u00bb shape_divider_height=\u00bb45%\u00bb bg_image_animation=\u00bbfade-in\u00bb shape_type=\u00bbstraight_section\u00bb gradient_type=\u00bbdefault\u00bb][vc_column column_padding=\u00bbpadding-5-percent\u00bb column_padding_tablet=\u00bbinherit\u00bb column_padding_phone=\u00bbinherit\u00bb column_padding_position=\u00bball\u00bb top_margin_tablet=\u00bb-40px\u00bb top_margin_phone=\u00bb-40px\u00bb bottom_margin_phone=\u00bb0&#8243; column_element_spacing=\u00bb0px\u00bb background_color=\u00bb#3f3d3a\u00bb background_color_opacity=\u00bb1&#8243; background_hover_color_opacity=\u00bb1&#8243; column_shadow=\u00bbnone\u00bb column_border_radius=\u00bbnone\u00bb column_link_target=\u00bb_self\u00bb column_position=\u00bbdefault\u00bb el_class=\u00bbmarcador-oliric marca-agua-wrapper\u00bb advanced_gradient_angle=\u00bb0&#8243; gradient_direction=\u00bbradial\u00bb overlay_strength=\u00bb0.3&#8243; width=\u00bb1\/2&#8243; tablet_width_inherit=\u00bbdefault\u00bb tablet_text_alignment=\u00bbdefault\u00bb phone_text_alignment=\u00bbdefault\u00bb animation_type=\u00bbparallax\u00bb animation_movement_type=\u00bbdefault\u00bb column_parallax_intensity=\u00bb-2&#8243; bg_image_animation=\u00bbnone\u00bb border_type=\u00bbsimple\u00bb column_border_width=\u00bbnone\u00bb column_border_style=\u00bbsolid\u00bb gradient_type=\u00bbdefault\u00bb offset=\u00bbvc_col-lg-offset-3 vc_col-md-offset-3&#8243;][vc_row_inner column_margin=\u00bbdefault\u00bb column_direction=\u00bbdefault\u00bb column_direction_tablet=\u00bbdefault\u00bb column_direction_phone=\u00bbdefault\u00bb text_align=\u00bbleft\u00bb row_position=\u00bbdefault\u00bb row_position_tablet=\u00bbinherit\u00bb row_position_phone=\u00bbinherit\u00bb overflow=\u00bbvisible\u00bb pointer_events=\u00bball\u00bb][vc_column_inner column_padding=\u00bbno-extra-padding\u00bb column_padding_tablet=\u00bbinherit\u00bb column_padding_phone=\u00bbinherit\u00bb column_padding_position=\u00bball\u00bb column_element_spacing=\u00bbdefault\u00bb background_color_opacity=\u00bb1&#8243; background_hover_color_opacity=\u00bb1&#8243; column_shadow=\u00bbnone\u00bb column_border_radius=\u00bbnone\u00bb column_link_target=\u00bb_self\u00bb gradient_direction=\u00bbleft_to_right\u00bb overlay_strength=\u00bb0.3&#8243; width=\u00bb1\/2&#8243; tablet_width_inherit=\u00bbdefault\u00bb animation_type=\u00bbdefault\u00bb bg_image_animation=\u00bbnone\u00bb border_type=\u00bbsimple\u00bb column_border_width=\u00bbnone\u00bb column_border_style=\u00bbsolid\u00bb][image_with_animation image_url=\u00bb3574&#8243; image_size=\u00bbfull\u00bb animation_type=\u00bbentrance\u00bb animation=\u00bbNone\u00bb hover_animation=\u00bbnone\u00bb alignment=\u00bb\u00bb border_radius=\u00bbnone\u00bb box_shadow=\u00bbnone\u00bb image_loading=\u00bbdefault\u00bb max_width=\u00bbcustom\u00bb max_width_custom=\u00bb100px\u00bb][divider line_type=\u00bbNo Line\u00bb custom_height=\u00bb5px\u00bb][vc_column_text el_class=\u00bbcuerpo-medium\u00bb]Pl. Bernat de Santa Eug\u00e8nia, 4<br \/>\n07142 Santa Eug\u00e8nia.<br \/>\nIlles Balears[\/vc_column_text][\/vc_column_inner][vc_column_inner column_padding=\u00bbno-extra-padding\u00bb column_padding_tablet=\u00bbinherit\u00bb column_padding_phone=\u00bbinherit\u00bb column_padding_position=\u00bball\u00bb column_element_spacing=\u00bbdefault\u00bb background_color_opacity=\u00bb1&#8243; background_hover_color_opacity=\u00bb1&#8243; column_shadow=\u00bbnone\u00bb column_border_radius=\u00bbnone\u00bb column_link_target=\u00bb_self\u00bb el_class=\u00bbcolumna-contacto-iconos text-right\u00bb advanced_gradient_angle=\u00bb0&#8243; gradient_direction=\u00bbleft_to_right\u00bb overlay_strength=\u00bb0.3&#8243; width=\u00bb1\/2&#8243; tablet_width_inherit=\u00bbdefault\u00bb animation_type=\u00bbdefault\u00bb bg_image_animation=\u00bbnone\u00bb border_type=\u00bbsimple\u00bb column_border_width=\u00bbnone\u00bb column_border_style=\u00bbsolid\u00bb gradient_type=\u00bbdefault\u00bb][nectar_icon icon_family=\u00bbiconsmind\u00bb icon_style=\u00bbdefault\u00bb icon_color_type=\u00bbcolor_scheme\u00bb icon_color=\u00bbAccent-Color\u00bb open_new_tab=\u00bbtrue\u00bb icon_padding=\u00bb10px\u00bb pointer_events=\u00bball\u00bb icon_iconsmind=\u00bbiconsmind-Instagram\u00bb url=\u00bbhttps:\/\/www.instagram.com\/oliric_oil_eco\u00bb icon_size=\u00bb25&#8243;][nectar_icon icon_family=\u00bbiconsmind\u00bb icon_style=\u00bbdefault\u00bb icon_color_type=\u00bbcolor_scheme\u00bb icon_color=\u00bbAccent-Color\u00bb open_new_tab=\u00bbtrue\u00bb icon_padding=\u00bb20px\u00bb pointer_events=\u00bball\u00bb icon_iconsmind=\u00bbiconsmind-Facebook\u00bb icon_size=\u00bb25&#8243; url=\u00bbhttps:\/\/www.facebook.com\/oli.oliric\/\u00bb][nectar_icon icon_family=\u00bbiconsmind\u00bb icon_style=\u00bbdefault\u00bb icon_color_type=\u00bbcolor_scheme\u00bb icon_color=\u00bbAccent-Color\u00bb open_new_tab=\u00bbtrue\u00bb icon_padding=\u00bb10px\u00bb pointer_events=\u00bball\u00bb icon_iconsmind=\u00bbiconsmind-Twitter\u00bb icon_size=\u00bb25&#8243; url=\u00bbhttps:\/\/twitter.com\/oliric_oil\u00bb][vc_column_text]<a href=\"mailto:info@oliric.com\">info@oliric.com<\/a><\/p>\n<p><a href=\"tel:%200034629472390\">+34 629 472 390<\/a>[\/vc_column_text][\/vc_column_inner][\/vc_row_inner][divider line_type=\u00bbNo Line\u00bb custom_height=\u00bb50px\u00bb]<div class=\"wpforms-container wpforms-container-full\" id=\"wpforms-3534\"><form id=\"wpforms-form-3534\" class=\"wpforms-validate wpforms-form wpforms-ajax-form\" data-formid=\"3534\" method=\"post\" enctype=\"multipart\/form-data\" action=\"\/es\/wp-json\/wp\/v2\/pages\/3788\" data-token=\"b0d30634513fec68fd16017356e9725e\" data-token-time=\"1775416753\"><noscript class=\"wpforms-error-noscript\">Por favor, activa JavaScript en tu navegador para completar este formulario.<\/noscript><div class=\"wpforms-field-container\"><div id=\"wpforms-3534-field_0-container\" class=\"wpforms-field wpforms-field-name\" data-field-id=\"0\"><label class=\"wpforms-field-label\" for=\"wpforms-3534-field_0\">Nombre <span class=\"wpforms-required-label\">*<\/span><\/label><input type=\"text\" id=\"wpforms-3534-field_0\" class=\"wpforms-field-large wpforms-field-required\" name=\"wpforms[fields][0]\" required><\/div><div id=\"wpforms-3534-field_1-container\" class=\"wpforms-field wpforms-field-email\" data-field-id=\"1\"><label class=\"wpforms-field-label\" for=\"wpforms-3534-field_1\">Email <span class=\"wpforms-required-label\">*<\/span><\/label><input type=\"email\" id=\"wpforms-3534-field_1\" class=\"wpforms-field-large wpforms-field-required\" name=\"wpforms[fields][1]\" spellcheck=\"false\" required><\/div><div id=\"wpforms-3534-field_2-container\" class=\"wpforms-field wpforms-field-textarea\" data-field-id=\"2\"><label class=\"wpforms-field-label\" for=\"wpforms-3534-field_2\">Mensaje <span class=\"wpforms-required-label\">*<\/span><\/label><textarea id=\"wpforms-3534-field_2\" class=\"wpforms-field-medium wpforms-field-required\" name=\"wpforms[fields][2]\" required><\/textarea><\/div><div id=\"wpforms-3534-field_4-container\" class=\"wpforms-field wpforms-field-checkbox\" data-field-id=\"4\"><label class=\"wpforms-field-label\">Pol\u00edtica de privacidad <span class=\"wpforms-required-label\">*<\/span><\/label><ul id=\"wpforms-3534-field_4\" class=\"wpforms-field-required\"><li class=\"choice-1 depth-1\"><input type=\"checkbox\" id=\"wpforms-3534-field_4_1\" name=\"wpforms[fields][4][]\" value=\"Ich habe die Datenschutzbestimmungen gelesen und akzeptiere sie\" required ><label class=\"wpforms-field-label-inline\" for=\"wpforms-3534-field_4_1\">Ich habe die Datenschutzbestimmungen gelesen und akzeptiere sie<\/label><\/li><\/ul><\/div><\/div><!-- .wpforms-field-container --><div class=\"wpforms-recaptcha-container wpforms-is-recaptcha wpforms-is-recaptcha-type-v3\" ><input type=\"hidden\" name=\"wpforms[recaptcha]\" value=\"\"><\/div><div class=\"wpforms-submit-container\" ><input type=\"hidden\" name=\"wpforms[id]\" value=\"3534\"><input type=\"hidden\" name=\"page_title\" value=\"\"><input type=\"hidden\" name=\"page_url\" value=\"https:\/\/oliric.com\/es\/wp-json\/wp\/v2\/pages\/3788\"><input type=\"hidden\" name=\"url_referer\" value=\"\"><button type=\"submit\" name=\"wpforms[submit]\" id=\"wpforms-submit-3534\" class=\"wpforms-submit button\" data-alt-text=\"Enviando\" data-submit-text=\"Enviar\" aria-live=\"assertive\" value=\"wpforms-submit\">Enviar<\/button><img loading=\"lazy\" decoding=\"async\" src=\"https:\/\/oliric.com\/wp-content\/plugins\/wpforms-lite\/assets\/images\/submit-spin.svg\" class=\"wpforms-submit-spinner\" style=\"display: none;\" width=\"26\" height=\"26\" alt=\"Cargando\"><\/div><\/form><\/div>  <!-- .wpforms-container -->[divider line_type=\u00bbNo Line\u00bb custom_height=\u00bb30px\u00bb][vc_column_text el_class=\u00bbcuerpo-small\u00bb]Me dejar\u00e1s tus datos para poder contactar conmigo y lo valoro much\u00edsimo. Por eso quiero avisarte que tus datos estar\u00e1n seguros porque cumplo con el RGPD (Reglamento General de Protecci\u00f3n de Datos). Te dejo esta informaci\u00f3n que tienes que saber:  <\/p>\n<p>Responsable \u00bb Miquel Coll Cresp\u00ed Finalitat \u00bb para poder contestarte al mensaje que me env\u00edes con este formulario de contacto<\/p>\n<p>Legitimaci\u00f3n \u00bb tu consentimiento Destinatarios \u00bb tus datos se guardar\u00e1n en ArtBlau, mi proveedor de email y hosting, y que tambi\u00e9n cumple con el RGPD.<\/p>\n<p>Derechos \u00bb por supuesto tendr\u00e1s derecho, entre otros, a acceder, rectificar, limitar y suprimir tus datos. Adem\u00e1s el lugar est\u00e1 protegido por el reCAPTCHA de Google para evitar spam.[\/vc_column_text][\/vc_column][\/vc_row][vc_row type=\u00bbfull_width_background\u00bb full_screen_row_position=\u00bbmiddle\u00bb column_margin=\u00bbnone\u00bb column_direction=\u00bbdefault\u00bb column_direction_tablet=\u00bbdefault\u00bb column_direction_phone=\u00bbdefault\u00bb bg_color=\u00bb#f6f4f0&#8243; scene_position=\u00bbcenter\u00bb bottom_margin=\u00bb5%\u00bb text_color=\u00bbdark\u00bb text_align=\u00bbleft\u00bb row_border_radius=\u00bbnone\u00bb row_border_radius_applies=\u00bbbg\u00bb zindex=\u00bb-2&#8243; overflow=\u00bbvisible\u00bb advanced_gradient_angle=\u00bb0&#8243; overlay_strength=\u00bb0.3&#8243; gradient_direction=\u00bbradial\u00bb shape_divider_color=\u00bb#ffffff\u00bb shape_divider_position=\u00bbbottom\u00bb shape_divider_height=\u00bb45%\u00bb bg_image_animation=\u00bbfade-in\u00bb shape_type=\u00bbstraight_section\u00bb gradient_type=\u00bbdefault\u00bb][vc_column column_padding=\u00bbpadding-5-percent\u00bb column_padding_tablet=\u00bbinherit\u00bb column_padding_phone=\u00bbinherit\u00bb column_padding_position=\u00bball\u00bb top_margin_tablet=\u00bb-40px\u00bb top_margin_phone=\u00bb-40px\u00bb bottom_margin_phone=\u00bb0&#8243; column_element_spacing=\u00bb0px\u00bb background_color_opacity=\u00bb1&#8243; background_hover_color_opacity=\u00bb1&#8243; column_shadow=\u00bbnone\u00bb column_border_radius=\u00bbnone\u00bb column_link_target=\u00bb_self\u00bb column_position=\u00bbdefault\u00bb el_class=\u00bbmarcador-oliric marca-agua-wrapper\u00bb advanced_gradient_angle=\u00bb0&#8243; gradient_direction=\u00bbradial\u00bb overlay_strength=\u00bb0.3&#8243; width=\u00bb5\/6&#8243; tablet_width_inherit=\u00bbdefault\u00bb tablet_text_alignment=\u00bbdefault\u00bb phone_text_alignment=\u00bbdefault\u00bb animation_type=\u00bbparallax\u00bb animation_movement_type=\u00bbdefault\u00bb column_parallax_intensity=\u00bb1&#8243; bg_image_animation=\u00bbnone\u00bb border_type=\u00bbsimple\u00bb column_border_width=\u00bbnone\u00bb column_border_style=\u00bbsolid\u00bb gradient_type=\u00bbdefault\u00bb offset=\u00bbvc_col-lg-offset-1 vc_col-md-offset-1&#8243;][nectar_cascading_images image_1_url=\u00bb3551&#8243; image_1_offset_x_sign=\u00bb+\u00bb image_1_offset_x=\u00bb0%\u00bb image_1_offset_y_sign=\u00bb+\u00bb image_1_offset_y=\u00bb0%\u00bb image_1_rotate_sign=\u00bb+\u00bb image_1_rotate=\u00bbnone\u00bb image_1_scale=\u00bb1&#8243; image_1_padding=\u00bbnone\u00bb image_1_box_shadow=\u00bbnone\u00bb image_1_max_width_desktop=\u00bb100%\u00bb image_1_max_width_mobile=\u00bb100%\u00bb image_1_image_width_mobile=\u00bbdefault\u00bb image_2_offset_x_sign=\u00bb+\u00bb image_2_offset_x=\u00bb0%\u00bb image_2_offset_y_sign=\u00bb+\u00bb image_2_offset_y=\u00bb0%\u00bb image_2_rotate_sign=\u00bb+\u00bb image_2_rotate=\u00bbnone\u00bb image_2_scale=\u00bb1&#8243; image_2_padding=\u00bbnone\u00bb image_2_box_shadow=\u00bbnone\u00bb image_2_max_width_desktop=\u00bb100%\u00bb image_2_max_width_mobile=\u00bb100%\u00bb image_2_image_width_mobile=\u00bbdefault\u00bb image_3_offset_x_sign=\u00bb+\u00bb image_3_offset_x=\u00bb0%\u00bb image_3_offset_y_sign=\u00bb+\u00bb image_3_offset_y=\u00bb0%\u00bb image_3_rotate_sign=\u00bb+\u00bb image_3_rotate=\u00bbnone\u00bb image_3_scale=\u00bb1&#8243; image_3_padding=\u00bbnone\u00bb image_3_box_shadow=\u00bbnone\u00bb image_3_max_width_desktop=\u00bb100%\u00bb image_3_max_width_mobile=\u00bb100%\u00bb image_3_image_width_mobile=\u00bbdefault\u00bb image_4_offset_x_sign=\u00bb+\u00bb image_4_offset_x=\u00bb0%\u00bb image_4_offset_y_sign=\u00bb+\u00bb image_4_offset_y=\u00bb0%\u00bb image_4_rotate_sign=\u00bb+\u00bb image_4_rotate=\u00bbnone\u00bb image_4_scale=\u00bb1&#8243; image_4_padding=\u00bbnone\u00bb image_4_box_shadow=\u00bbnone\u00bb image_4_max_width_desktop=\u00bb100%\u00bb image_4_max_width_mobile=\u00bb100%\u00bb image_4_image_width_mobile=\u00bbdefault\u00bb element_sizing=\u00bbforced\u00bb element_sizing_aspect=\u00bb16-9&#8243; image_loading=\u00bbdefault\u00bb border_radius=\u00bbnone\u00bb parallax_scrolling=\u00bbyes\u00bb layer_1_parallax_scrolling=\u00bbyes\u00bb parallax_scrolling_intensity=\u00bbsubtle\u00bb overflow=\u00bbvisible\u00bb][\/vc_column][\/vc_row]\n","protected":false},"excerpt":{"rendered":"<p>[vc_row type=\u00bbfull_width_background\u00bb full_screen_row_position=\u00bbmiddle\u00bb column_margin=\u00bbnone\u00bb column_direction=\u00bbdefault\u00bb column_direction_tablet=\u00bbdefault\u00bb column_direction_phone=\u00bbdefault\u00bb scene_position=\u00bbcenter\u00bb bottom_padding=\u00bb3%\u00bb text_color=\u00bbdark\u00bb text_align=\u00bbleft\u00bb row_border_radius=\u00bbnone\u00bb row_border_radius_applies=\u00bbbg\u00bb zindex=\u00bb1&#8243; overflow=\u00bbvisible\u00bb id=\u00bbpage-header-bg\u00bb advanced_gradient_angle=\u00bb0&#8243; overlay_strength=\u00bb0.3&#8243;&#8230;<\/p>\n","protected":false},"author":1,"featured_media":0,"parent":0,"menu_order":0,"comment_status":"closed","ping_status":"closed","template":"","meta":{"_acf_changed":false,"inline_featured_image":false,"footnotes":""},"class_list":["post-3788","page","type-page","status-publish"],"acf":[],"jetpack_sharing_enabled":true,"_links":{"self":[{"href":"https:\/\/oliric.com\/es\/wp-json\/wp\/v2\/pages\/3788","targetHints":{"allow":["GET"]}}],"collection":[{"href":"https:\/\/oliric.com\/es\/wp-json\/wp\/v2\/pages"}],"about":[{"href":"https:\/\/oliric.com\/es\/wp-json\/wp\/v2\/types\/page"}],"author":[{"embeddable":true,"href":"https:\/\/oliric.com\/es\/wp-json\/wp\/v2\/users\/1"}],"replies":[{"embeddable":true,"href":"https:\/\/oliric.com\/es\/wp-json\/wp\/v2\/comments?post=3788"}],"version-history":[{"count":3,"href":"https:\/\/oliric.com\/es\/wp-json\/wp\/v2\/pages\/3788\/revisions"}],"predecessor-version":[{"id":3871,"href":"https:\/\/oliric.com\/es\/wp-json\/wp\/v2\/pages\/3788\/revisions\/3871"}],"wp:attachment":[{"href":"https:\/\/oliric.com\/es\/wp-json\/wp\/v2\/media?parent=3788"}],"curies":[{"name":"wp","href":"https:\/\/api.w.org\/{rel}","templated":true}]}}